{"id":490,"date":"2025-04-28T18:04:28","date_gmt":"2025-04-28T18:04:28","guid":{"rendered":"https:\/\/eu4health.cruzvermelha.pt\/politica-de-privacidade\/"},"modified":"2025-05-14T14:05:18","modified_gmt":"2025-05-14T14:05:18","slug":"privacy-policy","status":"publish","type":"page","link":"https:\/\/eu4health.cruzvermelha.pt\/en\/privacy-policy\/","title":{"rendered":"Privacy Policy"},"content":{"rendered":"\n<h2 class=\"wp-block-heading\"><strong>Quem \u00e9 o respons\u00e1vel pela recolha e tratamento dos dados?<\/strong><\/h2>\n\n\n\n<p>A Cruz Vermelha Portuguesa (CVP), atrav\u00e9s da sua \u00c1rea de Comunica\u00e7\u00e3o, Marketing e Angaria\u00e7\u00e3o de Fundos, \u00e9 a respons\u00e1vel pela recolha e tratamento dos dados pessoais para gest\u00e3o de donativos, podendo, no \u00e2mbito da sua atividade, recorrer a entidades por si subcontratadas para a prossecu\u00e7\u00e3o das finalidades aqui indicadas.<\/p>\n\n\n\n<div style=\"height:16px\" aria-hidden=\"true\" class=\"wp-block-spacer\"><\/div>\n\n\n\n<h2 class=\"wp-block-heading\"><strong>Que dados pessoais s\u00e3o recolhidos e tratados?<\/strong><\/h2>\n\n\n\n<p>As categorias de dados recolhidos e tratados incluem dados de identifica\u00e7\u00e3o, contacto e fatura\u00e7\u00e3o (nome, data de nascimento, morada, telefone\/telem\u00f3vel, email, NIF\/IBAN) para efeitos de gest\u00e3o administrativa e financeira, incluindo o cumprimento de obriga\u00e7\u00f5es legais, realiza\u00e7\u00e3o de auditorias, dete\u00e7\u00e3o e an\u00e1lise de fraude, para o exerc\u00edcio e defesa de direitos em processos judiciais, bem como para o desenvolvimento e manuten\u00e7\u00e3o de sistemas.<\/p>\n\n\n\n<p>Quando fizer uma doa\u00e7\u00e3o e se registar para receber comunica\u00e7\u00f5es, est\u00e1 a autorizar a CVP a utilizar os seus dados de identifica\u00e7\u00e3o e de contacto para manter uma rela\u00e7\u00e3o consigo (Nome; email; contacto telef\u00f3nico); contactamo-lo por correio, SMS, telefone, e-mail e outros meios digitais para o\/a informar sobre o que a CVP est\u00e1 a fazer e como o seu apoio faz a diferen\u00e7a.<\/p>\n\n\n\n<p>Utilizamos os seus dados somente para a finalidade que nos forneceu e em qualquer altura pode anular a subscri\u00e7\u00e3o de receber comunica\u00e7\u00f5es da nossa parte. Na parte inferior de cada um dos nossos emails de marketing direto, tem a op\u00e7\u00e3o de cancelar a subscri\u00e7\u00e3o que poder\u00e1 usar para cancelar a sua subscri\u00e7\u00e3o em qualquer altura.<\/p>\n\n\n\n<div style=\"height:16px\" aria-hidden=\"true\" class=\"wp-block-spacer\"><\/div>\n\n\n\n<h2 class=\"wp-block-heading\"><strong>De que forma s\u00e3o recolhido seus dados?<\/strong><\/h2>\n\n\n\n<p>Os seus dados s\u00e3o recolhidos atrav\u00e9s de contactos diretos presenciais em formul\u00e1rios digitais, atrav\u00e9s de formul\u00e1rios digitais dispon\u00edveis no site oficial desta institui\u00e7\u00e3o e geridos pela Cruz Vermelha Portuguesa, como por exemplo o website e redes sociais, desde que tenha criado a sua conta para dar permiss\u00e3o \u00e0 CVP para o fazer.<\/p>\n\n\n\n<p>A CVP assume que os dados foram fornecidos pelo titular dos mesmos ou que este deu autoriza\u00e7\u00e3o para o efeito e que os mesmos s\u00e3o verdadeiros e se encontram atualizados.<\/p>\n\n\n\n<p>Os dados recolhidos s\u00e3o processados e armazenados informaticamente no estrito cumprimento da legisla\u00e7\u00e3o de prote\u00e7\u00e3o de dados pessoais sendo armazenados em base de dados espec\u00edficas, e em \u00e1reas devidamente identificadas, seguras e com acessos restritos, criadas para o efeito pela CVP ou pelas entidades por esta subcontratadas.<\/p>\n\n\n\n<div style=\"height:16px\" aria-hidden=\"true\" class=\"wp-block-spacer\"><\/div>\n\n\n\n<h2 class=\"wp-block-heading\"><strong>Com quem s\u00e3o compartilhados os seus dados?<\/strong><\/h2>\n\n\n\n<p>Os dados recolhidos para as finalidades atr\u00e1s descritas e detidos pela CVP poder\u00e3o ser transmitidos para as seguintes entidades:<\/p>\n\n\n\n<ul class=\"wp-block-list\">\n<li>Servi\u00e7os centrais da CVP: Financeiro, Comunica\u00e7\u00e3o e Angaria\u00e7\u00e3o de Fundos;<\/li>\n\n\n\n<li>Autoridades judiciais ou administrativas, nos casos em que tal ced\u00eancia seja obrigat\u00f3ria;<\/li>\n\n\n\n<li>Entidades banc\u00e1rias;<\/li>\n\n\n\n<li>Subcontratantes que procedam ao tratamento dos dados por conta da CVP e de acordo com as finalidades por esta determinada<\/li>\n<\/ul>\n\n\n\n<div style=\"height:16px\" aria-hidden=\"true\" class=\"wp-block-spacer\"><\/div>\n\n\n\n<h2 class=\"wp-block-heading\"><strong>Por quanto tempo s\u00e3o armazenados seus dados?<\/strong><\/h2>\n\n\n\n<p>O per\u00edodo de tempo durante o qual os dados s\u00e3o armazenados e conservados varia de acordo com a finalidade para a qual a informa\u00e7\u00e3o \u00e9 tratada. Sempre que n\u00e3o exista uma exig\u00eancia legal espec\u00edfica, os dados ser\u00e3o armazenados e conservados apenas pelo per\u00edodo m\u00ednimo necess\u00e1rio para as finalidades que motivaram a sua recolha ou o seu posterior tratamento, findo o qual os mesmos ser\u00e3o eliminados ou anonimizados para efeitos estat\u00edsticos.<\/p>\n\n\n\n<div style=\"height:16px\" aria-hidden=\"true\" class=\"wp-block-spacer\"><\/div>\n\n\n\n<h2 class=\"wp-block-heading\"><strong>Os seus dados s\u00e3o tratados de forma segura?<\/strong><\/h2>\n\n\n\n<p>A CVP assume o compromisso de garantir a prote\u00e7\u00e3o da seguran\u00e7a dos seus dados. Para o efeito, adotou diversas medidas de seguran\u00e7a, de car\u00e1ter t\u00e9cnico e organizativo, de forma a proteger os dados pessoais contra a sua difus\u00e3o, perda, uso indevido, altera\u00e7\u00e3o, tratamento ou acesso n\u00e3o autorizado, bem como contra qualquer outra forma de tratamento il\u00edcito. O nosso sistema de controlo de acessos garante que apenas as pessoas autorizadas e sob obriga\u00e7\u00e3o de sigilo profissional acedem aos dados pessoais.<\/p>\n","protected":false},"excerpt":{"rendered":"<p>Quem \u00e9 o respons\u00e1vel pela recolha e tratamento dos dados? A Cruz Vermelha Portuguesa (CVP), atrav\u00e9s da sua \u00c1rea de Comunica\u00e7\u00e3o, Marketing e Angaria\u00e7\u00e3o de Fundos, \u00e9 a respons\u00e1vel pela recolha e tratamento dos dados pessoais para gest\u00e3o de donativos, podendo, no \u00e2mbito da sua atividade, recorrer a entidades por si subcontratadas para a prossecu\u00e7\u00e3o<a href=\"https:\/\/eu4health.cruzvermelha.pt\/en\/privacy-policy\/\">Continue reading <span class=\"sr-only\">&#8220;Privacy Policy&#8221;<\/span><\/a><\/p>\n","protected":false},"author":1,"featured_media":0,"parent":0,"menu_order":0,"comment_status":"closed","ping_status":"open","template":"policies-template.php","meta":{"_acf_changed":false,"footnotes":""},"class_list":["post-490","page","type-page","status-publish","hentry"],"acf":[],"_links":{"self":[{"href":"https:\/\/eu4health.cruzvermelha.pt\/en\/wp-json\/wp\/v2\/pages\/490","targetHints":{"allow":["GET"]}}],"collection":[{"href":"https:\/\/eu4health.cruzvermelha.pt\/en\/wp-json\/wp\/v2\/pages"}],"about":[{"href":"https:\/\/eu4health.cruzvermelha.pt\/en\/wp-json\/wp\/v2\/types\/page"}],"author":[{"embeddable":true,"href":"https:\/\/eu4health.cruzvermelha.pt\/en\/wp-json\/wp\/v2\/users\/1"}],"replies":[{"embeddable":true,"href":"https:\/\/eu4health.cruzvermelha.pt\/en\/wp-json\/wp\/v2\/comments?post=490"}],"version-history":[{"count":1,"href":"https:\/\/eu4health.cruzvermelha.pt\/en\/wp-json\/wp\/v2\/pages\/490\/revisions"}],"predecessor-version":[{"id":492,"href":"https:\/\/eu4health.cruzvermelha.pt\/en\/wp-json\/wp\/v2\/pages\/490\/revisions\/492"}],"wp:attachment":[{"href":"https:\/\/eu4health.cruzvermelha.pt\/en\/wp-json\/wp\/v2\/media?parent=490"}],"curies":[{"name":"wp","href":"https:\/\/api.w.org\/{rel}","templated":true}]}}